{"id":99,"date":"2016-12-18T21:05:27","date_gmt":"2016-12-18T21:05:27","guid":{"rendered":"http:\/\/omanetti.net\/omanetti\/?page_id=99"},"modified":"2016-12-19T00:04:42","modified_gmt":"2016-12-19T00:04:42","slug":"windows-10-sahkoposti","status":"publish","type":"page","link":"https:\/\/omanetti.net\/omanetti\/?page_id=99","title":{"rendered":"Windows 10 s\u00e4hk\u00f6posti"},"content":{"rendered":"<p style=\"text-align: left;\">\n<p style=\"text-align: left;\"><img loading=\"lazy\" decoding=\"async\" class=\"alignnone size-large wp-image-119\" src=\"http:\/\/omanetti.net\/omanetti\/wp-content\/uploads\/2016\/12\/win13-1024x576.jpg\" alt=\"\" width=\"1024\" height=\"576\" srcset=\"https:\/\/omanetti.net\/omanetti\/wp-content\/uploads\/2016\/12\/win13-1024x576.jpg 1024w, https:\/\/omanetti.net\/omanetti\/wp-content\/uploads\/2016\/12\/win13-300x169.jpg 300w, https:\/\/omanetti.net\/omanetti\/wp-content\/uploads\/2016\/12\/win13-768x432.jpg 768w, https:\/\/omanetti.net\/omanetti\/wp-content\/uploads\/2016\/12\/win13.jpg 1366w\" sizes=\"auto, (max-width: 1024px) 100vw, 1024px\" \/><\/p>\n<p style=\"text-align: left;\">Klikkaa vasemman alalaidan hammasratasta ja valitse oikeasta laidasta &#8221;Hallitse tilej\u00e4&#8221; ja sielt\u00e4 &#8221;Lis\u00e4\u00e4 tili&#8221; Vierit\u00e4 lista alas asti ja klikkaa &#8221;Lis\u00e4asetukset&#8221;<\/p>\n<p style=\"text-align: left;\"><img loading=\"lazy\" decoding=\"async\" class=\"alignnone size-large wp-image-118\" src=\"http:\/\/omanetti.net\/omanetti\/wp-content\/uploads\/2016\/12\/win14-1024x576.jpg\" alt=\"\" width=\"1024\" height=\"576\" srcset=\"https:\/\/omanetti.net\/omanetti\/wp-content\/uploads\/2016\/12\/win14-1024x576.jpg 1024w, https:\/\/omanetti.net\/omanetti\/wp-content\/uploads\/2016\/12\/win14-300x169.jpg 300w, https:\/\/omanetti.net\/omanetti\/wp-content\/uploads\/2016\/12\/win14-768x432.jpg 768w, https:\/\/omanetti.net\/omanetti\/wp-content\/uploads\/2016\/12\/win14.jpg 1366w\" sizes=\"auto, (max-width: 1024px) 100vw, 1024px\" \/><\/p>\n<p style=\"text-align: left;\">Klikkaa\u00a0&#8221;Internet S\u00e4hk\u00f6posti&#8221;<\/p>\n<p style=\"text-align: left;\"><a href=\"http:\/\/omanetti.net\/omanetti\/wp-content\/uploads\/2016\/12\/win1.jpg\"><img loading=\"lazy\" decoding=\"async\" class=\"alignnone size-large wp-image-131\" src=\"http:\/\/omanetti.net\/omanetti\/wp-content\/uploads\/2016\/12\/win1-1024x576.jpg\" alt=\"\" width=\"1024\" height=\"576\" srcset=\"https:\/\/omanetti.net\/omanetti\/wp-content\/uploads\/2016\/12\/win1-1024x576.jpg 1024w, https:\/\/omanetti.net\/omanetti\/wp-content\/uploads\/2016\/12\/win1-300x169.jpg 300w, https:\/\/omanetti.net\/omanetti\/wp-content\/uploads\/2016\/12\/win1-768x432.jpg 768w, https:\/\/omanetti.net\/omanetti\/wp-content\/uploads\/2016\/12\/win1.jpg 1366w\" sizes=\"auto, (max-width: 1024px) 100vw, 1024px\" \/><\/a><\/p>\n<p style=\"text-align: left;\">Anna tiedot kuvien mukaan k\u00e4ytt\u00e4m\u00e4ll\u00e4 omia tietojasi. Tilityyppi POP3<\/p>\n<p style=\"text-align: left;\"><a href=\"http:\/\/omanetti.net\/omanetti\/wp-content\/uploads\/2016\/12\/win4.jpg\"><img loading=\"lazy\" decoding=\"async\" class=\"alignnone size-large wp-image-128\" src=\"http:\/\/omanetti.net\/omanetti\/wp-content\/uploads\/2016\/12\/win4-1024x576.jpg\" alt=\"\" width=\"1024\" height=\"576\" srcset=\"https:\/\/omanetti.net\/omanetti\/wp-content\/uploads\/2016\/12\/win4-1024x576.jpg 1024w, https:\/\/omanetti.net\/omanetti\/wp-content\/uploads\/2016\/12\/win4-300x169.jpg 300w, https:\/\/omanetti.net\/omanetti\/wp-content\/uploads\/2016\/12\/win4-768x432.jpg 768w, https:\/\/omanetti.net\/omanetti\/wp-content\/uploads\/2016\/12\/win4.jpg 1366w\" sizes=\"auto, (max-width: 1024px) 100vw, 1024px\" \/><\/a><\/p>\n<p style=\"text-align: left;\">Ruksaa kaikki valinnat p\u00e4\u00e4lle.<\/p>\n<p style=\"text-align: left;\"><a href=\"http:\/\/omanetti.net\/omanetti\/wp-content\/uploads\/2016\/12\/win5.jpg\"><img loading=\"lazy\" decoding=\"async\" class=\"alignnone size-large wp-image-127\" src=\"http:\/\/omanetti.net\/omanetti\/wp-content\/uploads\/2016\/12\/win5-1024x576.jpg\" alt=\"\" width=\"1024\" height=\"576\" srcset=\"https:\/\/omanetti.net\/omanetti\/wp-content\/uploads\/2016\/12\/win5-1024x576.jpg 1024w, https:\/\/omanetti.net\/omanetti\/wp-content\/uploads\/2016\/12\/win5-300x169.jpg 300w, https:\/\/omanetti.net\/omanetti\/wp-content\/uploads\/2016\/12\/win5-768x432.jpg 768w, https:\/\/omanetti.net\/omanetti\/wp-content\/uploads\/2016\/12\/win5.jpg 1366w\" sizes=\"auto, (max-width: 1024px) 100vw, 1024px\" \/><\/a><\/p>\n<p style=\"text-align: left;\">Melkein valmista. Sinun tarvitsee viel\u00e4 hyv\u00e4ksy\u00e4 sertifikaatti.\u00a0(Miksi? <a href=\"http:\/\/omanetti.net\/omanetti\/?page_id=69\">Lue lis\u00e4\u00e4 t\u00e4\u00e4lt\u00e4<\/a>)<\/p>\n<p style=\"text-align: left;\"><a href=\"http:\/\/omanetti.net\/omanetti\/wp-content\/uploads\/2016\/12\/win7.jpg\"><img loading=\"lazy\" decoding=\"async\" class=\"alignnone size-large wp-image-125\" src=\"http:\/\/omanetti.net\/omanetti\/wp-content\/uploads\/2016\/12\/win7-1024x576.jpg\" alt=\"\" width=\"1024\" height=\"576\" srcset=\"https:\/\/omanetti.net\/omanetti\/wp-content\/uploads\/2016\/12\/win7-1024x576.jpg 1024w, https:\/\/omanetti.net\/omanetti\/wp-content\/uploads\/2016\/12\/win7-300x169.jpg 300w, https:\/\/omanetti.net\/omanetti\/wp-content\/uploads\/2016\/12\/win7-768x432.jpg 768w, https:\/\/omanetti.net\/omanetti\/wp-content\/uploads\/2016\/12\/win7.jpg 1366w\" sizes=\"auto, (max-width: 1024px) 100vw, 1024px\" \/><\/a><\/p>\n<p style=\"text-align: left;\">Ohjelma varoittaa yl\u00e4laidassa ett\u00e4 asetukset eiv\u00e4t ole ajan tasalla, klikkaa &#8221;Korjaa tili&#8221;<\/p>\n<p style=\"text-align: left;\"><a href=\"http:\/\/omanetti.net\/omanetti\/wp-content\/uploads\/2016\/12\/win8.jpg\"><img loading=\"lazy\" decoding=\"async\" class=\"alignnone size-large wp-image-124\" src=\"http:\/\/omanetti.net\/omanetti\/wp-content\/uploads\/2016\/12\/win8-1024x576.jpg\" alt=\"\" width=\"1024\" height=\"576\" srcset=\"https:\/\/omanetti.net\/omanetti\/wp-content\/uploads\/2016\/12\/win8-1024x576.jpg 1024w, https:\/\/omanetti.net\/omanetti\/wp-content\/uploads\/2016\/12\/win8-300x169.jpg 300w, https:\/\/omanetti.net\/omanetti\/wp-content\/uploads\/2016\/12\/win8-768x432.jpg 768w, https:\/\/omanetti.net\/omanetti\/wp-content\/uploads\/2016\/12\/win8.jpg 1366w\" sizes=\"auto, (max-width: 1024px) 100vw, 1024px\" \/><\/a><\/p>\n<p style=\"text-align: left;\">Hyv\u00e4ksy varmenteesi. Klikkaa &#8221;Jatka&#8221;<\/p>\n<p style=\"text-align: left;\"><a href=\"http:\/\/omanetti.net\/omanetti\/wp-content\/uploads\/2016\/12\/win9.jpg\"><img loading=\"lazy\" decoding=\"async\" class=\"alignnone size-large wp-image-123\" src=\"http:\/\/omanetti.net\/omanetti\/wp-content\/uploads\/2016\/12\/win9-1024x576.jpg\" alt=\"\" width=\"1024\" height=\"576\" srcset=\"https:\/\/omanetti.net\/omanetti\/wp-content\/uploads\/2016\/12\/win9-1024x576.jpg 1024w, https:\/\/omanetti.net\/omanetti\/wp-content\/uploads\/2016\/12\/win9-300x169.jpg 300w, https:\/\/omanetti.net\/omanetti\/wp-content\/uploads\/2016\/12\/win9-768x432.jpg 768w, https:\/\/omanetti.net\/omanetti\/wp-content\/uploads\/2016\/12\/win9.jpg 1366w\" sizes=\"auto, (max-width: 1024px) 100vw, 1024px\" \/><\/a><\/p>\n<p style=\"text-align: left;\">Windows varoittaa viel\u00e4 kerran, ei haittaa. Klikkaa &#8221;Sulje&#8221; ja meni saapuneet kansioon ja klikkaa p\u00e4ivit\u00e4 nappia.<\/p>\n<p style=\"text-align: left;\">Nyt ohjelman pit\u00e4isi toimia!<\/p>\n<h2 style=\"text-align: left;\">Tarkemmat Asetukset<\/h2>\n<p style=\"text-align: left;\">Esimerkeiss\u00e4 on k\u00e4ytetty osoitetta \u201dmusiikkimatka.fi\u201d korvaa omalla verkko-osoitteellasi.<\/p>\n<p style=\"text-align: left;\">L\u00e4htev\u00e4n postin palvelin(SMTP): mail.musiikkimatka.fi<\/p>\n<p style=\"text-align: left;\">Portti: 587<\/p>\n<p style=\"text-align: left;\">Salaus: TLS<\/p>\n<p style=\"text-align: left;\">Valitse: Palvelin vaatii kirjautumisen<\/p>\n<p style=\"text-align: left;\">K\u00e4ytt\u00e4j\u00e4tunnus: Oma s\u00e4hk\u00f6postiosoitteesi<\/p>\n<p style=\"text-align: left;\">Salasana: Saamasi salasana<\/p>\n<p style=\"text-align: left;\">Saapuvan postin palvelin: mail.musiikkimatka.fi<\/p>\n<p style=\"text-align: left;\">Portti:110<\/p>\n<p style=\"text-align: left;\">K\u00e4ytt\u00e4j\u00e4tunnus: Oma s\u00e4hk\u00f6postiosoitteesi<\/p>\n<p style=\"text-align: left;\">Salasana: Saamasi salasana<\/p>\n","protected":false},"excerpt":{"rendered":"<p>Klikkaa vasemman alalaidan hammasratasta ja valitse oikeasta laidasta &#8221;Hallitse tilej\u00e4&#8221; ja sielt\u00e4 &#8221;Lis\u00e4\u00e4 tili&#8221; Vierit\u00e4 lista alas asti ja klikkaa &#8221;Lis\u00e4asetukset&#8221; Klikkaa\u00a0&#8221;Internet S\u00e4hk\u00f6posti&#8221; Anna tiedot kuvien mukaan k\u00e4ytt\u00e4m\u00e4ll\u00e4 omia tietojasi. Tilityyppi POP3 Ruksaa kaikki valinnat p\u00e4\u00e4lle. Melkein valmista. Sinun tarvitsee viel\u00e4 hyv\u00e4ksy\u00e4 sertifikaatti.\u00a0(Miksi? Lue lis\u00e4\u00e4 t\u00e4\u00e4lt\u00e4) Ohjelma varoittaa yl\u00e4laidassa ett\u00e4 asetukset eiv\u00e4t ole ajan tasalla,&hellip; <a class=\"more-link\" href=\"https:\/\/omanetti.net\/omanetti\/?page_id=99\">Jatka lukemista <span class=\"screen-reader-text\">Windows 10 s\u00e4hk\u00f6posti<\/span><\/a><\/p>\n","protected":false},"author":1,"featured_media":0,"parent":69,"menu_order":0,"comment_status":"closed","ping_status":"closed","template":"","meta":{"footnotes":""},"class_list":["post-99","page","type-page","status-publish","hentry","entry"],"_links":{"self":[{"href":"https:\/\/omanetti.net\/omanetti\/index.php?rest_route=\/wp\/v2\/pages\/99","targetHints":{"allow":["GET"]}}],"collection":[{"href":"https:\/\/omanetti.net\/omanetti\/index.php?rest_route=\/wp\/v2\/pages"}],"about":[{"href":"https:\/\/omanetti.net\/omanetti\/index.php?rest_route=\/wp\/v2\/types\/page"}],"author":[{"embeddable":true,"href":"https:\/\/omanetti.net\/omanetti\/index.php?rest_route=\/wp\/v2\/users\/1"}],"replies":[{"embeddable":true,"href":"https:\/\/omanetti.net\/omanetti\/index.php?rest_route=%2Fwp%2Fv2%2Fcomments&post=99"}],"version-history":[{"count":7,"href":"https:\/\/omanetti.net\/omanetti\/index.php?rest_route=\/wp\/v2\/pages\/99\/revisions"}],"predecessor-version":[{"id":160,"href":"https:\/\/omanetti.net\/omanetti\/index.php?rest_route=\/wp\/v2\/pages\/99\/revisions\/160"}],"up":[{"embeddable":true,"href":"https:\/\/omanetti.net\/omanetti\/index.php?rest_route=\/wp\/v2\/pages\/69"}],"wp:attachment":[{"href":"https:\/\/omanetti.net\/omanetti\/index.php?rest_route=%2Fwp%2Fv2%2Fmedia&parent=99"}],"curies":[{"name":"wp","href":"https:\/\/api.w.org\/{rel}","templated":true}]}}