{"id":97,"date":"2016-12-18T21:04:49","date_gmt":"2016-12-18T21:04:49","guid":{"rendered":"http:\/\/omanetti.net\/omanetti\/?page_id=97"},"modified":"2016-12-18T23:19:17","modified_gmt":"2016-12-18T23:19:17","slug":"thunderbird","status":"publish","type":"page","link":"https:\/\/omanetti.net\/omanetti\/?page_id=97","title":{"rendered":"Thunderbird"},"content":{"rendered":"<p><a href=\"http:\/\/omanetti.net\/omanetti\/wp-content\/uploads\/2016\/12\/moz1.jpg\"><img loading=\"lazy\" decoding=\"async\" class=\"alignnone size-large wp-image-107 alignleft\" src=\"http:\/\/omanetti.net\/omanetti\/wp-content\/uploads\/2016\/12\/moz1-1024x576.jpg\" alt=\"\" width=\"1024\" height=\"576\" srcset=\"https:\/\/omanetti.net\/omanetti\/wp-content\/uploads\/2016\/12\/moz1-1024x576.jpg 1024w, https:\/\/omanetti.net\/omanetti\/wp-content\/uploads\/2016\/12\/moz1-300x169.jpg 300w, https:\/\/omanetti.net\/omanetti\/wp-content\/uploads\/2016\/12\/moz1-768x432.jpg 768w, https:\/\/omanetti.net\/omanetti\/wp-content\/uploads\/2016\/12\/moz1.jpg 1366w\" sizes=\"auto, (max-width: 1024px) 100vw, 1024px\" \/><\/a><\/p>\n<p style=\"text-align: left;\">Kun k\u00e4ynnist\u00e4t Thunderbirdin automaattinen tilin asennus k\u00e4ynnistyy. Valitse &#8221;Ohita t\u00e4m\u00e4 ja k\u00e4yt\u00e4 olemassa olevaa osoitetta.&#8221; Jos sinulla on jo Thunderbird asennettuna, aloita uuden tilin lis\u00e4\u00e4minen valitsemalla valikosta Muokkaa\/tilien asetukset. Valitse &#8221;Tilitoiminnot\/Lis\u00e4\u00e4 s\u00e4hk\u00f6postitili&#8221; ja sama asennus k\u00e4ynnistyy.<\/p>\n<p style=\"text-align: left;\"><a href=\"http:\/\/omanetti.net\/omanetti\/wp-content\/uploads\/2016\/12\/moz2.jpg\"><img loading=\"lazy\" decoding=\"async\" class=\"alignnone size-large wp-image-106\" src=\"http:\/\/omanetti.net\/omanetti\/wp-content\/uploads\/2016\/12\/moz2-1024x576.jpg\" alt=\"\" width=\"1024\" height=\"576\" srcset=\"https:\/\/omanetti.net\/omanetti\/wp-content\/uploads\/2016\/12\/moz2-1024x576.jpg 1024w, https:\/\/omanetti.net\/omanetti\/wp-content\/uploads\/2016\/12\/moz2-300x169.jpg 300w, https:\/\/omanetti.net\/omanetti\/wp-content\/uploads\/2016\/12\/moz2-768x432.jpg 768w, https:\/\/omanetti.net\/omanetti\/wp-content\/uploads\/2016\/12\/moz2.jpg 1366w\" sizes=\"auto, (max-width: 1024px) 100vw, 1024px\" \/><\/a><\/p>\n<p style=\"text-align: left;\">Sy\u00f6t\u00e4 nimesi, s\u00e4hk\u00f6postiosoitteesi ja salasanasi. Klikkaa &#8221;Jatka&#8221;<\/p>\n<p style=\"text-align: left;\"><a href=\"http:\/\/omanetti.net\/omanetti\/wp-content\/uploads\/2016\/12\/moz3.jpg\"><img loading=\"lazy\" decoding=\"async\" class=\"alignnone size-large wp-image-105\" src=\"http:\/\/omanetti.net\/omanetti\/wp-content\/uploads\/2016\/12\/moz3-1024x576.jpg\" alt=\"\" width=\"1024\" height=\"576\" srcset=\"https:\/\/omanetti.net\/omanetti\/wp-content\/uploads\/2016\/12\/moz3-1024x576.jpg 1024w, https:\/\/omanetti.net\/omanetti\/wp-content\/uploads\/2016\/12\/moz3-300x169.jpg 300w, https:\/\/omanetti.net\/omanetti\/wp-content\/uploads\/2016\/12\/moz3-768x432.jpg 768w, https:\/\/omanetti.net\/omanetti\/wp-content\/uploads\/2016\/12\/moz3.jpg 1366w\" sizes=\"auto, (max-width: 1024px) 100vw, 1024px\" \/><\/a><\/p>\n<p style=\"text-align: left;\">Thunderbird hakee asetukset automaattisesti. Valitse &#8221;Tallenna salasana&#8221; sek\u00e4 &#8221;POP3&#8221; ja klikkaa &#8221;Valmis&#8221;<\/p>\n<p style=\"text-align: left;\"><img loading=\"lazy\" decoding=\"async\" class=\"alignnone size-large wp-image-103\" src=\"http:\/\/omanetti.net\/omanetti\/wp-content\/uploads\/2016\/12\/moz5-1024x576.jpg\" alt=\"\" width=\"1024\" height=\"576\" srcset=\"https:\/\/omanetti.net\/omanetti\/wp-content\/uploads\/2016\/12\/moz5-1024x576.jpg 1024w, https:\/\/omanetti.net\/omanetti\/wp-content\/uploads\/2016\/12\/moz5-300x169.jpg 300w, https:\/\/omanetti.net\/omanetti\/wp-content\/uploads\/2016\/12\/moz5-768x432.jpg 768w, https:\/\/omanetti.net\/omanetti\/wp-content\/uploads\/2016\/12\/moz5.jpg 1366w\" sizes=\"auto, (max-width: 1024px) 100vw, 1024px\" \/><\/p>\n<p style=\"text-align: left;\">Asennus on nyt valmis. Sinun tarvitsee viel\u00e4 vahvistaa sertifikaatti. (Miksi? <a href=\"http:\/\/omanetti.net\/omanetti\/?page_id=69\">Lue lis\u00e4\u00e4 t\u00e4\u00e4lt\u00e4<\/a>)<a href=\"http:\/\/omanetti.net\/omanetti\/wp-content\/uploads\/2016\/12\/moz4.jpg\"><img loading=\"lazy\" decoding=\"async\" class=\"alignnone size-large wp-image-104\" src=\"http:\/\/omanetti.net\/omanetti\/wp-content\/uploads\/2016\/12\/moz4-1024x576.jpg\" alt=\"\" width=\"1024\" height=\"576\" srcset=\"https:\/\/omanetti.net\/omanetti\/wp-content\/uploads\/2016\/12\/moz4-1024x576.jpg 1024w, https:\/\/omanetti.net\/omanetti\/wp-content\/uploads\/2016\/12\/moz4-300x169.jpg 300w, https:\/\/omanetti.net\/omanetti\/wp-content\/uploads\/2016\/12\/moz4-768x432.jpg 768w, https:\/\/omanetti.net\/omanetti\/wp-content\/uploads\/2016\/12\/moz4.jpg 1366w\" sizes=\"auto, (max-width: 1024px) 100vw, 1024px\" \/><\/a><\/p>\n<p style=\"text-align: left;\">Valitse &#8221;Tallenna poikkeus pysyv\u00e4sti&#8221; ja klikkaa &#8221;Vahvista turvallisuuspoikkeus&#8221;<\/p>\n<h2 style=\"text-align: left;\">Tarkemmat Asetukset<\/h2>\n<p style=\"text-align: left;\">Esimerkeiss\u00e4 on k\u00e4ytetty osoitetta &#8221;musiikkimatka.fi&#8221; korvaa omalla verkko-osoitteellasi.<\/p>\n<p style=\"text-align: left;\">L\u00e4htev\u00e4n postin palvelin(SMTP): mail.musiikkimatka.fi<\/p>\n<p style=\"text-align: left;\">Portti: 587<\/p>\n<p style=\"text-align: left;\">Salaus: TLS<\/p>\n<p style=\"text-align: left;\">Valitse: Palvelin vaatii kirjautumisen<\/p>\n<p style=\"text-align: left;\">K\u00e4ytt\u00e4j\u00e4tunnus: Oma s\u00e4hk\u00f6postiosoitteesi<\/p>\n<p style=\"text-align: left;\">Salasana: Saamasi salasana<\/p>\n<p style=\"text-align: left;\">Saapuvan postin palvelin: mail.musiikkimatka.fi<\/p>\n<p style=\"text-align: left;\">Portti:110<\/p>\n<p style=\"text-align: left;\">K\u00e4ytt\u00e4j\u00e4tunnus: Oma s\u00e4hk\u00f6postiosoitteesi<\/p>\n<p style=\"text-align: left;\">Salasana: Saamasi salasana<\/p>\n<p>&nbsp;<\/p>\n","protected":false},"excerpt":{"rendered":"<p>Kun k\u00e4ynnist\u00e4t Thunderbirdin automaattinen tilin asennus k\u00e4ynnistyy. Valitse &#8221;Ohita t\u00e4m\u00e4 ja k\u00e4yt\u00e4 olemassa olevaa osoitetta.&#8221; Jos sinulla on jo Thunderbird asennettuna, aloita uuden tilin lis\u00e4\u00e4minen valitsemalla valikosta Muokkaa\/tilien asetukset. Valitse &#8221;Tilitoiminnot\/Lis\u00e4\u00e4 s\u00e4hk\u00f6postitili&#8221; ja sama asennus k\u00e4ynnistyy. Sy\u00f6t\u00e4 nimesi, s\u00e4hk\u00f6postiosoitteesi ja salasanasi. Klikkaa &#8221;Jatka&#8221; Thunderbird hakee asetukset automaattisesti. Valitse &#8221;Tallenna salasana&#8221; sek\u00e4 &#8221;POP3&#8221; ja klikkaa &#8221;Valmis&#8221;&hellip; <a class=\"more-link\" href=\"https:\/\/omanetti.net\/omanetti\/?page_id=97\">Jatka lukemista <span class=\"screen-reader-text\">Thunderbird<\/span><\/a><\/p>\n","protected":false},"author":1,"featured_media":0,"parent":69,"menu_order":0,"comment_status":"closed","ping_status":"closed","template":"","meta":{"footnotes":""},"class_list":["post-97","page","type-page","status-publish","hentry","entry"],"_links":{"self":[{"href":"https:\/\/omanetti.net\/omanetti\/index.php?rest_route=\/wp\/v2\/pages\/97","targetHints":{"allow":["GET"]}}],"collection":[{"href":"https:\/\/omanetti.net\/omanetti\/index.php?rest_route=\/wp\/v2\/pages"}],"about":[{"href":"https:\/\/omanetti.net\/omanetti\/index.php?rest_route=\/wp\/v2\/types\/page"}],"author":[{"embeddable":true,"href":"https:\/\/omanetti.net\/omanetti\/index.php?rest_route=\/wp\/v2\/users\/1"}],"replies":[{"embeddable":true,"href":"https:\/\/omanetti.net\/omanetti\/index.php?rest_route=%2Fwp%2Fv2%2Fcomments&post=97"}],"version-history":[{"count":6,"href":"https:\/\/omanetti.net\/omanetti\/index.php?rest_route=\/wp\/v2\/pages\/97\/revisions"}],"predecessor-version":[{"id":146,"href":"https:\/\/omanetti.net\/omanetti\/index.php?rest_route=\/wp\/v2\/pages\/97\/revisions\/146"}],"up":[{"embeddable":true,"href":"https:\/\/omanetti.net\/omanetti\/index.php?rest_route=\/wp\/v2\/pages\/69"}],"wp:attachment":[{"href":"https:\/\/omanetti.net\/omanetti\/index.php?rest_route=%2Fwp%2Fv2%2Fmedia&parent=97"}],"curies":[{"name":"wp","href":"https:\/\/api.w.org\/{rel}","templated":true}]}}