{"id":69,"date":"2016-12-18T19:33:55","date_gmt":"2016-12-18T19:33:55","guid":{"rendered":"http:\/\/omanetti.net\/omanetti\/?page_id=69"},"modified":"2016-12-18T23:23:08","modified_gmt":"2016-12-18T23:23:08","slug":"ohjeet-ja-tuki","status":"publish","type":"page","link":"https:\/\/omanetti.net\/omanetti\/?page_id=69","title":{"rendered":"Ohjeet ja Tuki"},"content":{"rendered":"<h1 style=\"text-align: left;\">S\u00e4hk\u00f6postin asetukset<\/h1>\n<p style=\"text-align: left;\">Esimerkeiss\u00e4 on k\u00e4ytetty osoitetta &#8221;musiikkimatka.fi&#8221; korvatkaa se omalla verkko-osoitteellanne.<\/p>\n<p style=\"text-align: left;\">L\u00e4htev\u00e4n postin palvelin(SMTP): mail.musiikkimatka.fi<\/p>\n<p style=\"text-align: left;\">Portti: 587<\/p>\n<p style=\"text-align: left;\">Salaus: TLS<\/p>\n<p style=\"text-align: left;\">Valitkaa: Palvelin vaatii kirjautumisen<\/p>\n<p style=\"text-align: left;\">K\u00e4ytt\u00e4j\u00e4tunnus: Oma s\u00e4hk\u00f6postiosoitteenne<\/p>\n<p style=\"text-align: left;\">Salasana: Saamanne salasana<\/p>\n<p style=\"text-align: left;\">Saapuvan postin palvelin: mail.musiikkimatka.fi<\/p>\n<p style=\"text-align: left;\">Portti:110<\/p>\n<p style=\"text-align: left;\">K\u00e4ytt\u00e4j\u00e4tunnus: Oma s\u00e4hk\u00f6postiosoitteenne<\/p>\n<p style=\"text-align: left;\">Salasana: Saamanne salasana<\/p>\n<h2 style=\"text-align: left;\"><a id=\"varmenne\"><\/a>Varmenteen hyv\u00e4ksyminen<\/h2>\n<p style=\"text-align: left;\">Kun aloitatatte s\u00e4hk\u00f6postilaatikon k\u00e4yt\u00f6n, ohjelma varoittaa &#8221;ep\u00e4luotettavasta varmenteesta&#8221; Teid\u00e4n\u00a0tulee hyv\u00e4ksy\u00e4 turvallisuuspoikkeus, ja valita &#8221;Tallenna poikkeus pysyv\u00e4sti&#8221;<\/p>\n<h6 style=\"text-align: left;\">T\u00e4m\u00e4 tuntuu ep\u00e4luotettavalta, mit\u00e4 t\u00e4m\u00e4 tarkoittaa?<\/h6>\n<p style=\"text-align: left;\">T\u00e4m\u00e4 johtuu siit\u00e4 ett\u00e4 kotisivupalveluunne on\u00a0asennettu ilmainen Cpanelin SSL sertifikaattia. S\u00e4hk\u00f6posttiohjelma ei voi hyv\u00e4ksy\u00e4 sertifikaattia ilman lupaanne, koska se ei ole kaupallisia sertifikaatteja tarjoavien yritysten sertifikaatti listalla. T\u00e4m\u00e4 ei kuitenkaan tee sertifikaatista sen turvattomampaa, joudutte vain itse hyv\u00e4ksym\u00e4\u00e4n sertifikaatin sen sijaan ett\u00e4 esim. Symantec hyv\u00e4ksyisi sen puolestanne mailman laajuisesti.<\/p>\n<p style=\"text-align: left;\">Jos olette aiemmin k\u00e4ytt\u00e4nyt jonkun suuren palveluntarjoajan s\u00e4hk\u00f6postia ette ole luultavasti t\u00e4llaiseen asiaan t\u00f6rm\u00e4nnyt. S\u00e4hk\u00f6postiosoitteenne on ollut esimerkiksi muotoa omanimi@elisa.fi tai vaikkapa yritys@sonera.fi. isoilla palveluntarjoajilla on kaupallinen SSL\u00a0sertifikaatti asennettuna domainiinsa.<\/p>\n<h6 style=\"text-align: left;\">Teill\u00e4 on nyt oma s\u00e4hk\u00f6postipalvelin omalla domainilla<\/h6>\n<p style=\"text-align: left;\">Aivan kuten suurilla operaattoreilla teill\u00e4 on oma s\u00e4hk\u00f6postipalvelin ja t\u00e4m\u00e4 mahdollistaa oman domain nimen k\u00e4yt\u00f6n s\u00e4hk\u00f6postiosoitteessanne. Jos palvelunne sit\u00e4 vaativat, voimme lis\u00e4t\u00e4 palvelimeenne kaupallisen SSL sertifikaatin. Esimerkiksi luotettavana pidetyn Symantecin sertifikaatti maksaa halvimmillaan noin 340 \u20ac \/ vuosi ja kaikista edistynein SSL villikortti (Wild card) sertifikaatti maksaa noin 2200 \u20ac \/ vuosi. Hinnat ovat alv 0%<\/p>\n<h6 style=\"text-align: left;\">Ette luultavasti kuitenkaan tarvitse kaupallista sertifikaattia<\/h6>\n<p style=\"text-align: left;\">Kaupallinen sertifikaatti tarvitaan jos palvelimellanne on\u00a0vaikkapa rahaa liikuttelevia palveluja joissa asiakkaiden luottokortti, tai muita rahaliikennetietoja k\u00e4sitell\u00e4\u00e4n palvelimellanne. Esimerkiksi verkkokauppa ei kuitenkaan ole t\u00e4llainen palvelu, koska sen maksut suoritetaan ulkopuolisen maksun v\u00e4litt\u00e4j\u00e4n sivuilla kuten vaikkapa Paytrail tai Checkout.fi palveluissa.<\/p>\n<h6 style=\"text-align: left;\">Miksi sitten k\u00e4yt\u00e4mme salattua yhteytt\u00e4 s\u00e4hk\u00f6postiin?<\/h6>\n<p style=\"text-align: left;\">Yksinkertaisesti se on turvallisempaa. Lis\u00e4ksi monet internet operaattorit est\u00e4v\u00e4t salaamattoman SMTP portin 25. Portin 25 kautta p\u00e4\u00e4see vain heid\u00e4n salaamattomaan s\u00e4hk\u00f6postipalvelimeen. T\u00e4t\u00e4 perustellaan tietoturvalla, mik\u00e4 on totta, mutta se my\u00f6s sitoo asiakkaita k\u00e4ytt\u00e4m\u00e4\u00e4n heid\u00e4n palveluitaan.<\/p>\n<h2 style=\"text-align: left;\">Ohjeet s\u00e4hk\u00f6posti ohjelmille<\/h2>\n<p>Alla olevien ohjeiden lopusta l\u00f6yd\u00e4tte miten hyv\u00e4ksy\u00e4 ilmainen sertifikaatti.<\/p>\n<h6><a href=\"http:\/\/omanetti.net\/omanetti\/?page_id=97\">Mozilla Thunderbird<\/a><\/h6>\n<h6><a href=\"http:\/\/omanetti.net\/omanetti\/?page_id=99\">Windows 10 s\u00e4hk\u00f6posti ja kalenteri<\/a><\/h6>\n<h6><a href=\"http:\/\/omanetti.net\/omanetti\/?page_id=101\">Outlook 2016<\/a><\/h6>\n","protected":false},"excerpt":{"rendered":"<p>S\u00e4hk\u00f6postin asetukset Esimerkeiss\u00e4 on k\u00e4ytetty osoitetta &#8221;musiikkimatka.fi&#8221; korvatkaa se omalla verkko-osoitteellanne. L\u00e4htev\u00e4n postin palvelin(SMTP): mail.musiikkimatka.fi Portti: 587 Salaus: TLS Valitkaa: Palvelin vaatii kirjautumisen K\u00e4ytt\u00e4j\u00e4tunnus: Oma s\u00e4hk\u00f6postiosoitteenne Salasana: Saamanne salasana Saapuvan postin palvelin: mail.musiikkimatka.fi Portti:110 K\u00e4ytt\u00e4j\u00e4tunnus: Oma s\u00e4hk\u00f6postiosoitteenne Salasana: Saamanne salasana Varmenteen hyv\u00e4ksyminen Kun aloitatatte s\u00e4hk\u00f6postilaatikon k\u00e4yt\u00f6n, ohjelma varoittaa &#8221;ep\u00e4luotettavasta varmenteesta&#8221; Teid\u00e4n\u00a0tulee hyv\u00e4ksy\u00e4 turvallisuuspoikkeus, ja valita&hellip; <a class=\"more-link\" href=\"https:\/\/omanetti.net\/omanetti\/?page_id=69\">Jatka lukemista <span class=\"screen-reader-text\">Ohjeet ja Tuki<\/span><\/a><\/p>\n","protected":false},"author":1,"featured_media":0,"parent":0,"menu_order":0,"comment_status":"closed","ping_status":"closed","template":"","meta":{"footnotes":""},"class_list":["post-69","page","type-page","status-publish","hentry","entry"],"_links":{"self":[{"href":"https:\/\/omanetti.net\/omanetti\/index.php?rest_route=\/wp\/v2\/pages\/69","targetHints":{"allow":["GET"]}}],"collection":[{"href":"https:\/\/omanetti.net\/omanetti\/index.php?rest_route=\/wp\/v2\/pages"}],"about":[{"href":"https:\/\/omanetti.net\/omanetti\/index.php?rest_route=\/wp\/v2\/types\/page"}],"author":[{"embeddable":true,"href":"https:\/\/omanetti.net\/omanetti\/index.php?rest_route=\/wp\/v2\/users\/1"}],"replies":[{"embeddable":true,"href":"https:\/\/omanetti.net\/omanetti\/index.php?rest_route=%2Fwp%2Fv2%2Fcomments&post=69"}],"version-history":[{"count":20,"href":"https:\/\/omanetti.net\/omanetti\/index.php?rest_route=\/wp\/v2\/pages\/69\/revisions"}],"predecessor-version":[{"id":150,"href":"https:\/\/omanetti.net\/omanetti\/index.php?rest_route=\/wp\/v2\/pages\/69\/revisions\/150"}],"wp:attachment":[{"href":"https:\/\/omanetti.net\/omanetti\/index.php?rest_route=%2Fwp%2Fv2%2Fmedia&parent=69"}],"curies":[{"name":"wp","href":"https:\/\/api.w.org\/{rel}","templated":true}]}}