{"id":5,"date":"2015-02-19T14:53:40","date_gmt":"2015-02-19T14:53:40","guid":{"rendered":"http:\/\/omanetti.net\/omanetti\/?page_id=5"},"modified":"2016-12-17T13:09:42","modified_gmt":"2016-12-17T13:09:42","slug":"home-wts","status":"publish","type":"page","link":"https:\/\/omanetti.net\/omanetti\/","title":{"rendered":"Etusivu"},"content":{"rendered":"<h1 style=\"text-align: left;\">Omanetti Super kotisivupalvelu nyt uusille asiakkaille vain 19.90 \u20ac \/ kk. (24 kk sopimus)<\/h1>\n<p>Lue lis\u00e4\u00e4 palvelusta <a title=\"Palvelun kuvaus\" href=\"http:\/\/omanetti.net\/omanetti\/?page_id=2\">t\u00e4\u00e4lt\u00e4.<\/a><\/p>\n<h1 style=\"text-align: left;\"><a href=\"http:\/\/omanetti.net\/omanetti\/wp-content\/uploads\/2015\/02\/valittajatunnus_FI_175.png\"><img loading=\"lazy\" decoding=\"async\" class=\"alignnone size-full wp-image-29\" src=\"http:\/\/omanetti.net\/omanetti\/wp-content\/uploads\/2015\/02\/valittajatunnus_FI_175.png\" alt=\"\" width=\"175\" height=\"175\" srcset=\"https:\/\/omanetti.net\/omanetti\/wp-content\/uploads\/2015\/02\/valittajatunnus_FI_175.png 175w, https:\/\/omanetti.net\/omanetti\/wp-content\/uploads\/2015\/02\/valittajatunnus_FI_175-150x150.png 150w\" sizes=\"auto, (max-width: 175px) 100vw, 175px\" \/><\/a>.fi verkkotunnukset asiakkaillemme alk. 9\u20ac\/vuosi<\/h1>\n<p>Olemme virallinen Ficoran valtuuttama verkkotunnusv\u00e4litt\u00e4j\u00e4. Saatte kauttamme my\u00f6s kaikki muut domainp\u00e4\u00e4tteet vaivattomasti ja varmasti kilpailukykyiseen hintaan.<\/p>\n<p style=\"text-align: left;\">Katso verkkotunnus hinnastomme <a href=\"http:\/\/omanetti.net\/omanetti\/?page_id=33\">t\u00e4\u00e4lt\u00e4.<\/a><\/p>\n","protected":false},"excerpt":{"rendered":"<p>Omanetti Super kotisivupalvelu nyt uusille asiakkaille vain 19.90 \u20ac \/ kk. (24 kk sopimus) Lue lis\u00e4\u00e4 palvelusta t\u00e4\u00e4lt\u00e4. .fi verkkotunnukset asiakkaillemme alk. 9\u20ac\/vuosi Olemme virallinen Ficoran valtuuttama verkkotunnusv\u00e4litt\u00e4j\u00e4. Saatte kauttamme my\u00f6s kaikki muut domainp\u00e4\u00e4tteet vaivattomasti ja varmasti kilpailukykyiseen hintaan. Katso verkkotunnus hinnastomme t\u00e4\u00e4lt\u00e4.<\/p>\n","protected":false},"author":1,"featured_media":0,"parent":0,"menu_order":0,"comment_status":"closed","ping_status":"closed","template":"","meta":{"footnotes":""},"class_list":["post-5","page","type-page","status-publish","hentry","entry"],"_links":{"self":[{"href":"https:\/\/omanetti.net\/omanetti\/index.php?rest_route=\/wp\/v2\/pages\/5","targetHints":{"allow":["GET"]}}],"collection":[{"href":"https:\/\/omanetti.net\/omanetti\/index.php?rest_route=\/wp\/v2\/pages"}],"about":[{"href":"https:\/\/omanetti.net\/omanetti\/index.php?rest_route=\/wp\/v2\/types\/page"}],"author":[{"embeddable":true,"href":"https:\/\/omanetti.net\/omanetti\/index.php?rest_route=\/wp\/v2\/users\/1"}],"replies":[{"embeddable":true,"href":"https:\/\/omanetti.net\/omanetti\/index.php?rest_route=%2Fwp%2Fv2%2Fcomments&post=5"}],"version-history":[{"count":9,"href":"https:\/\/omanetti.net\/omanetti\/index.php?rest_route=\/wp\/v2\/pages\/5\/revisions"}],"predecessor-version":[{"id":59,"href":"https:\/\/omanetti.net\/omanetti\/index.php?rest_route=\/wp\/v2\/pages\/5\/revisions\/59"}],"wp:attachment":[{"href":"https:\/\/omanetti.net\/omanetti\/index.php?rest_route=%2Fwp%2Fv2%2Fmedia&parent=5"}],"curies":[{"name":"wp","href":"https:\/\/api.w.org\/{rel}","templated":true}]}}