{"id":33,"date":"2016-12-17T11:39:30","date_gmt":"2016-12-17T11:39:30","guid":{"rendered":"http:\/\/omanetti.net\/omanetti\/?page_id=33"},"modified":"2016-12-17T20:46:17","modified_gmt":"2016-12-17T20:46:17","slug":"verkkotunnukset","status":"publish","type":"page","link":"https:\/\/omanetti.net\/omanetti\/?page_id=33","title":{"rendered":"Verkkotunnukset"},"content":{"rendered":"<h2>Verkkotunnukset<\/h2>\n<p><sub>(Kaikki t\u00e4m\u00e4n sivun hinnat ovat ALV 0%)<\/sub><\/p>\n<p>&nbsp;<\/p>\n<p>Verkkotunnuksien rekister\u00f6inti: 5 \u20ac \/ tunnus<\/p>\n<p>Verkkotunnuksien uusiminen: 3 \u20ac \/ tunnus<\/p>\n<p>Verkkotunnuksien siirt\u00e4minen: 5 \u20ac \/ tunnus<\/p>\n<p>&nbsp;<\/p>\n<h6>Fi tunnukset:<\/h6>\n<p>1 vuosi = 9 \u20ac<\/p>\n<p>3 vuotta = 27 \u20ac<\/p>\n<p>5 vuotta = 45 \u20ac<\/p>\n<p>&nbsp;<\/p>\n<h6>Muut yleisimm\u00e4t tunnukset 1v:<\/h6>\n<p>.com = 11 \u20ac<\/p>\n<p>.org = 14 \u20ac<\/p>\n<p>.net = 14 \u20ac<\/p>\n<p>.info = 12 \u20ac<\/p>\n<p style=\"text-align: left;\">Saatte kauttamme my\u00f6s kaikki\u00a0erikoisemmat domainit, t\u00e4ss\u00e4 esimerkkej\u00e4\u00a0domainille &#8221;minundomain&#8221;<\/p>\n<p>minundomain.online<br \/>\nminundomain.ninja<br \/>\nminundomain.email<br \/>\nmin-undo-main.online<br \/>\nminundomain.gallery<br \/>\nminundomain.actor<br \/>\nminundomain.lighting<br \/>\nminundomain.boutique<br \/>\nminundomain.kitchen<\/p>\n<p style=\"text-align: left;\">Erikoisempien domainien hinnat vaihtelevat 18 &#8211; 50 \u20ac v\u00e4lill\u00e4 \/ vuosi.<\/p>\n<p><sub>Kaikki t\u00e4m\u00e4n sivun hinnat ovat ALV 0%<\/sub><\/p>\n<p>Olemme valtuutettu<\/p>\n<p><img loading=\"lazy\" decoding=\"async\" class=\"alignnone size-thumbnail wp-image-29\" src=\"http:\/\/omanetti.net\/omanetti\/wp-content\/uploads\/2015\/02\/valittajatunnus_FI_175-150x150.png\" alt=\"\" width=\"150\" height=\"150\" srcset=\"https:\/\/omanetti.net\/omanetti\/wp-content\/uploads\/2015\/02\/valittajatunnus_FI_175-150x150.png 150w, https:\/\/omanetti.net\/omanetti\/wp-content\/uploads\/2015\/02\/valittajatunnus_FI_175.png 175w\" sizes=\"auto, (max-width: 150px) 100vw, 150px\" \/><\/p>\n","protected":false},"excerpt":{"rendered":"<p>Verkkotunnukset (Kaikki t\u00e4m\u00e4n sivun hinnat ovat ALV 0%) &nbsp; Verkkotunnuksien rekister\u00f6inti: 5 \u20ac \/ tunnus Verkkotunnuksien uusiminen: 3 \u20ac \/ tunnus Verkkotunnuksien siirt\u00e4minen: 5 \u20ac \/ tunnus &nbsp; Fi tunnukset: 1 vuosi = 9 \u20ac 3 vuotta = 27 \u20ac 5 vuotta = 45 \u20ac &nbsp; Muut yleisimm\u00e4t tunnukset 1v: .com = 11 \u20ac .org&hellip; <a class=\"more-link\" href=\"https:\/\/omanetti.net\/omanetti\/?page_id=33\">Jatka lukemista <span class=\"screen-reader-text\">Verkkotunnukset<\/span><\/a><\/p>\n","protected":false},"author":1,"featured_media":0,"parent":0,"menu_order":0,"comment_status":"closed","ping_status":"closed","template":"","meta":{"footnotes":""},"class_list":["post-33","page","type-page","status-publish","hentry","entry"],"_links":{"self":[{"href":"https:\/\/omanetti.net\/omanetti\/index.php?rest_route=\/wp\/v2\/pages\/33","targetHints":{"allow":["GET"]}}],"collection":[{"href":"https:\/\/omanetti.net\/omanetti\/index.php?rest_route=\/wp\/v2\/pages"}],"about":[{"href":"https:\/\/omanetti.net\/omanetti\/index.php?rest_route=\/wp\/v2\/types\/page"}],"author":[{"embeddable":true,"href":"https:\/\/omanetti.net\/omanetti\/index.php?rest_route=\/wp\/v2\/users\/1"}],"replies":[{"embeddable":true,"href":"https:\/\/omanetti.net\/omanetti\/index.php?rest_route=%2Fwp%2Fv2%2Fcomments&post=33"}],"version-history":[{"count":13,"href":"https:\/\/omanetti.net\/omanetti\/index.php?rest_route=\/wp\/v2\/pages\/33\/revisions"}],"predecessor-version":[{"id":67,"href":"https:\/\/omanetti.net\/omanetti\/index.php?rest_route=\/wp\/v2\/pages\/33\/revisions\/67"}],"wp:attachment":[{"href":"https:\/\/omanetti.net\/omanetti\/index.php?rest_route=%2Fwp%2Fv2%2Fmedia&parent=33"}],"curies":[{"name":"wp","href":"https:\/\/api.w.org\/{rel}","templated":true}]}}