{"id":2,"date":"2015-02-19T13:14:22","date_gmt":"2015-02-19T13:14:22","guid":{"rendered":"http:\/\/omanetti.net\/omanetti\/?page_id=2"},"modified":"2016-12-17T13:16:40","modified_gmt":"2016-12-17T13:16:40","slug":"sample-page","status":"publish","type":"page","link":"https:\/\/omanetti.net\/omanetti\/?page_id=2","title":{"rendered":"Web Hotellit"},"content":{"rendered":"<h2>Omanetti Super<\/h2>\n<p><sub>(Kaikki t\u00e4m\u00e4n sivun hinnat sis. ALV 24%)<\/sub><\/p>\n<p>&nbsp;<\/p>\n<ul>\n<li>Kotisivujen suunnittelu ja tekeminen asiakkaan kanssa yhteisty\u00f6ss\u00e4 WordPress alustalle. (Esim. yrityksen perussivusto, ei verkkokauppa tms..)<\/li>\n<li>Asiakkaalle j\u00e4\u00e4 vain itse sivujen tekstin muokkaaminen ja kuvien lis\u00e4\u00e4minen sivuille. Mik\u00e4li asiakkaalla on valmis teksti olemassa, lis\u00e4\u00e4mme sen sivuille veloituksetta.<\/li>\n<li>Automaattinen varmuuskopiointi 1 kk. taaksep\u00e4in.<\/li>\n<li>Automaattinen ohjelmistojen ja virusturvan p\u00e4ivitys.<\/li>\n<\/ul>\n<p><strong>Palvelun hinta:<\/strong><\/p>\n<ul>\n<li>Palvelun avaus 0 \u20ac<\/li>\n<li><strong>19,90 \u20ac\/kk<\/strong> 24 kk m\u00e4\u00e4r\u00e4aikanen sopimus, jonka j\u00e4lkeen 19.90 \u20ac\/kk (<em>hinta sis. alv24% veron<\/em>)\u00a0laskutus 3 kk jaksoissa<\/li>\n<\/ul>\n<p><strong>Domainin rekister\u00f6inti:<\/strong><\/p>\n<p>Katso rekister\u00f6inti hinnastomme <a href=\"http:\/\/omanetti.net\/omanetti\/?page_id=33\">t\u00e4\u00e4lt\u00e4.<\/a><\/p>\n<p><strong>Tekniset tiedot:<\/strong><\/p>\n<ul>\n<li>WordPress julkaisualusta valmiiksi muokattuna<\/li>\n<li>1000\u00a0MB palvelintilaa ssd levyll\u00e4.<\/li>\n<li>7500 MB siirtokaistaa \/ kk<\/li>\n<li>Web-hotelli Cpanel hallintaohjelmalla<\/li>\n<li>2 kpl Mysql tietokantoja<\/li>\n<li>Rajaton m\u00e4\u00e4r\u00e4 s\u00e4hk\u00f6postilaatikoita<\/li>\n<li>Webmail<\/li>\n<li>1 lis\u00e4domain<\/li>\n<li>Roskapostin suodatus<\/li>\n<\/ul>\n<h2>Omanetti\u00a0kotisivu perus<\/h2>\n<ul>\n<li>Automaattinen ohjelmistojen ja virusturvan p\u00e4ivitys.<\/li>\n<\/ul>\n<p><strong>Palvelun hinta:<\/strong><\/p>\n<ul>\n<li>Palvelun avaus 0 \u20ac<\/li>\n<li><strong>5,20\u00a0\u20ac\/kk<\/strong>\u00a0(<em>hinta sis. alv24% veron<\/em>)\u00a0laskutus 3 kk jaksoissa<\/li>\n<\/ul>\n<p><strong>Domainin rekister\u00f6inti:<\/strong><\/p>\n<p>Katso rekister\u00f6inti hinnastomme <a href=\"http:\/\/omanetti.net\/omanetti\/?page_id=33\">t\u00e4\u00e4lt\u00e4.<\/a><\/p>\n<p><strong>Tekniset tiedot:<\/strong><\/p>\n<ul>\n<li>WordPress julkaisualusta valmiiksi\u00a0asennettuna<\/li>\n<li>250\u00a0MB palvelintilaa ssd levyll\u00e4.<\/li>\n<li>1500\u00a0MB siirtokaistaa \/ kk<\/li>\n<li>Web-hotelli Cpanel hallintaohjelmalla<\/li>\n<li>1 kpl Mysql tietokantoja<\/li>\n<li>Rajaton m\u00e4\u00e4r\u00e4 s\u00e4hk\u00f6postilaatikoita<\/li>\n<li>Webmail<\/li>\n<li>Roskapostin suodatus<\/li>\n<\/ul>\n<p><strong>Lis\u00e4palvelut\u00a0<\/strong>(ei sis. palveluiden hintaan):<\/p>\n<ul>\n<li>Google Analytics sivujen seuranta asennus: 15 \u20ac<\/li>\n<li>Facebook pikselin asennus: 15 \u20ac<\/li>\n<li>100 MB lis\u00e4\u00e4 levytilaa: 2 \u20ac \/ kk<\/li>\n<\/ul>\n<p><sub>(Kaikki t\u00e4m\u00e4n sivun hinnat sis. ALV 24%)<\/sub><\/p>\n","protected":false},"excerpt":{"rendered":"<p>Omanetti Super (Kaikki t\u00e4m\u00e4n sivun hinnat sis. ALV 24%) &nbsp; Kotisivujen suunnittelu ja tekeminen asiakkaan kanssa yhteisty\u00f6ss\u00e4 WordPress alustalle. (Esim. yrityksen perussivusto, ei verkkokauppa tms..) Asiakkaalle j\u00e4\u00e4 vain itse sivujen tekstin muokkaaminen ja kuvien lis\u00e4\u00e4minen sivuille. Mik\u00e4li asiakkaalla on valmis teksti olemassa, lis\u00e4\u00e4mme sen sivuille veloituksetta. Automaattinen varmuuskopiointi 1 kk. taaksep\u00e4in. Automaattinen ohjelmistojen ja virusturvan&hellip; <a class=\"more-link\" href=\"https:\/\/omanetti.net\/omanetti\/?page_id=2\">Jatka lukemista <span class=\"screen-reader-text\">Web Hotellit<\/span><\/a><\/p>\n","protected":false},"author":1,"featured_media":0,"parent":0,"menu_order":0,"comment_status":"open","ping_status":"open","template":"","meta":{"footnotes":""},"class_list":["post-2","page","type-page","status-publish","hentry","entry"],"_links":{"self":[{"href":"https:\/\/omanetti.net\/omanetti\/index.php?rest_route=\/wp\/v2\/pages\/2","targetHints":{"allow":["GET"]}}],"collection":[{"href":"https:\/\/omanetti.net\/omanetti\/index.php?rest_route=\/wp\/v2\/pages"}],"about":[{"href":"https:\/\/omanetti.net\/omanetti\/index.php?rest_route=\/wp\/v2\/types\/page"}],"author":[{"embeddable":true,"href":"https:\/\/omanetti.net\/omanetti\/index.php?rest_route=\/wp\/v2\/users\/1"}],"replies":[{"embeddable":true,"href":"https:\/\/omanetti.net\/omanetti\/index.php?rest_route=%2Fwp%2Fv2%2Fcomments&post=2"}],"version-history":[{"count":10,"href":"https:\/\/omanetti.net\/omanetti\/index.php?rest_route=\/wp\/v2\/pages\/2\/revisions"}],"predecessor-version":[{"id":64,"href":"https:\/\/omanetti.net\/omanetti\/index.php?rest_route=\/wp\/v2\/pages\/2\/revisions\/64"}],"wp:attachment":[{"href":"https:\/\/omanetti.net\/omanetti\/index.php?rest_route=%2Fwp%2Fv2%2Fmedia&parent=2"}],"curies":[{"name":"wp","href":"https:\/\/api.w.org\/{rel}","templated":true}]}}