{"id":101,"date":"2016-12-18T21:05:48","date_gmt":"2016-12-18T21:05:48","guid":{"rendered":"http:\/\/omanetti.net\/omanetti\/?page_id=101"},"modified":"2016-12-19T00:20:52","modified_gmt":"2016-12-19T00:20:52","slug":"outlook-10","status":"publish","type":"page","link":"https:\/\/omanetti.net\/omanetti\/?page_id=101","title":{"rendered":"Outlook 2016"},"content":{"rendered":"<p><img loading=\"lazy\" decoding=\"async\" class=\"alignnone size-large wp-image-116\" src=\"http:\/\/omanetti.net\/omanetti\/wp-content\/uploads\/2016\/12\/2out-1024x576.jpg\" alt=\"\" width=\"1024\" height=\"576\" srcset=\"https:\/\/omanetti.net\/omanetti\/wp-content\/uploads\/2016\/12\/2out-1024x576.jpg 1024w, https:\/\/omanetti.net\/omanetti\/wp-content\/uploads\/2016\/12\/2out-300x169.jpg 300w, https:\/\/omanetti.net\/omanetti\/wp-content\/uploads\/2016\/12\/2out-768x432.jpg 768w, https:\/\/omanetti.net\/omanetti\/wp-content\/uploads\/2016\/12\/2out.jpg 1366w\" sizes=\"auto, (max-width: 1024px) 100vw, 1024px\" \/><\/p>\n<p>Klikkaa &#8221;Seuraava&#8221;<\/p>\n<p><img loading=\"lazy\" decoding=\"async\" class=\"alignnone size-large wp-image-115\" src=\"http:\/\/omanetti.net\/omanetti\/wp-content\/uploads\/2016\/12\/3out-1024x576.jpg\" alt=\"\" width=\"1024\" height=\"576\" srcset=\"https:\/\/omanetti.net\/omanetti\/wp-content\/uploads\/2016\/12\/3out-1024x576.jpg 1024w, https:\/\/omanetti.net\/omanetti\/wp-content\/uploads\/2016\/12\/3out-300x169.jpg 300w, https:\/\/omanetti.net\/omanetti\/wp-content\/uploads\/2016\/12\/3out-768x432.jpg 768w, https:\/\/omanetti.net\/omanetti\/wp-content\/uploads\/2016\/12\/3out.jpg 1366w\" sizes=\"auto, (max-width: 1024px) 100vw, 1024px\" \/><\/p>\n<p>Valitse &#8221;Kyll\u00e4&#8221; ja klikkaa &#8221;Seuraava&#8221;<\/p>\n<p><img loading=\"lazy\" decoding=\"async\" class=\"alignnone size-large wp-image-114\" src=\"http:\/\/omanetti.net\/omanetti\/wp-content\/uploads\/2016\/12\/4out-1024x576.jpg\" alt=\"\" width=\"1024\" height=\"576\" srcset=\"https:\/\/omanetti.net\/omanetti\/wp-content\/uploads\/2016\/12\/4out-1024x576.jpg 1024w, https:\/\/omanetti.net\/omanetti\/wp-content\/uploads\/2016\/12\/4out-300x169.jpg 300w, https:\/\/omanetti.net\/omanetti\/wp-content\/uploads\/2016\/12\/4out-768x432.jpg 768w, https:\/\/omanetti.net\/omanetti\/wp-content\/uploads\/2016\/12\/4out.jpg 1366w\" sizes=\"auto, (max-width: 1024px) 100vw, 1024px\" \/><\/p>\n<p>Valitse &#8221;M\u00e4\u00e4rit\u00e4 manuaalisesti&#8230;&#8221; ja klikkaa &#8221;Seuraava&#8221;<\/p>\n<p><img loading=\"lazy\" decoding=\"async\" class=\"alignnone size-large wp-image-113\" src=\"http:\/\/omanetti.net\/omanetti\/wp-content\/uploads\/2016\/12\/5out-1024x576.jpg\" alt=\"\" width=\"1024\" height=\"576\" srcset=\"https:\/\/omanetti.net\/omanetti\/wp-content\/uploads\/2016\/12\/5out-1024x576.jpg 1024w, https:\/\/omanetti.net\/omanetti\/wp-content\/uploads\/2016\/12\/5out-300x169.jpg 300w, https:\/\/omanetti.net\/omanetti\/wp-content\/uploads\/2016\/12\/5out-768x432.jpg 768w, https:\/\/omanetti.net\/omanetti\/wp-content\/uploads\/2016\/12\/5out.jpg 1366w\" sizes=\"auto, (max-width: 1024px) 100vw, 1024px\" \/><\/p>\n<p>Valitse &#8221;POP tai IMAP&#8221; ja klikkaa &#8221;Seuraava&#8221;<\/p>\n<p>&nbsp;<\/p>\n<p><img loading=\"lazy\" decoding=\"async\" class=\"alignnone size-large wp-image-108\" src=\"http:\/\/omanetti.net\/omanetti\/wp-content\/uploads\/2016\/12\/10out-1024x576.jpg\" alt=\"\" width=\"1024\" height=\"576\" srcset=\"https:\/\/omanetti.net\/omanetti\/wp-content\/uploads\/2016\/12\/10out-1024x576.jpg 1024w, https:\/\/omanetti.net\/omanetti\/wp-content\/uploads\/2016\/12\/10out-300x169.jpg 300w, https:\/\/omanetti.net\/omanetti\/wp-content\/uploads\/2016\/12\/10out-768x432.jpg 768w, https:\/\/omanetti.net\/omanetti\/wp-content\/uploads\/2016\/12\/10out.jpg 1366w\" sizes=\"auto, (max-width: 1024px) 100vw, 1024px\" \/><\/p>\n<p>Anna tiedot kuvan mukaan omilla asetuksillasi, HUOM! katso ett\u00e4 &#8221;Testaa tilinasetukset napsauttamalla seuraavaa painiketta&#8221; ruutu EI OLE valittuna.<\/p>\n<p>T\u00e4ytetty\u00e4si tiedot klikkaa &#8221;Lis\u00e4\u00e4 asetuksia&#8221;<\/p>\n<p><img loading=\"lazy\" decoding=\"async\" class=\"alignnone size-large wp-image-110\" src=\"http:\/\/omanetti.net\/omanetti\/wp-content\/uploads\/2016\/12\/8out-1024x576.jpg\" alt=\"\" width=\"1024\" height=\"576\" srcset=\"https:\/\/omanetti.net\/omanetti\/wp-content\/uploads\/2016\/12\/8out-1024x576.jpg 1024w, https:\/\/omanetti.net\/omanetti\/wp-content\/uploads\/2016\/12\/8out-300x169.jpg 300w, https:\/\/omanetti.net\/omanetti\/wp-content\/uploads\/2016\/12\/8out-768x432.jpg 768w, https:\/\/omanetti.net\/omanetti\/wp-content\/uploads\/2016\/12\/8out.jpg 1366w\" sizes=\"auto, (max-width: 1024px) 100vw, 1024px\" \/><\/p>\n<p>T\u00e4yt\u00e4 n\u00e4m\u00e4 tiedot &#8221;Yleiset&#8221;-v\u00e4lilehdelle ja siirry &#8221;L\u00e4htev\u00e4n postin palvelin&#8221;-v\u00e4lilehdelle.<\/p>\n<p><img loading=\"lazy\" decoding=\"async\" class=\"alignnone size-large wp-image-109\" src=\"http:\/\/omanetti.net\/omanetti\/wp-content\/uploads\/2016\/12\/9out-1024x576.jpg\" alt=\"\" width=\"1024\" height=\"576\" srcset=\"https:\/\/omanetti.net\/omanetti\/wp-content\/uploads\/2016\/12\/9out-1024x576.jpg 1024w, https:\/\/omanetti.net\/omanetti\/wp-content\/uploads\/2016\/12\/9out-300x169.jpg 300w, https:\/\/omanetti.net\/omanetti\/wp-content\/uploads\/2016\/12\/9out-768x432.jpg 768w, https:\/\/omanetti.net\/omanetti\/wp-content\/uploads\/2016\/12\/9out.jpg 1366w\" sizes=\"auto, (max-width: 1024px) 100vw, 1024px\" \/><\/p>\n<p>T\u00e4yt\u00e4 n\u00e4m\u00e4 tiedot ja klikkaa &#8221;OK&#8221; ja alla olevalta lehdelt\u00e4 &#8221;Seuraava&#8221; ja sitten &#8221;Valmis&#8221; Nyt pit\u00e4\u00e4 viel\u00e4 hyv\u00e4ksy\u00e4 sertifikaatti.\u00a0(Miksi? <a href=\"http:\/\/omanetti.net\/omanetti\/?page_id=69\">Lue lis\u00e4\u00e4 t\u00e4\u00e4lt\u00e4<\/a>)<\/p>\n<p><a href=\"http:\/\/omanetti.net\/omanetti\/wp-content\/uploads\/2016\/12\/1out.jpg\"><img loading=\"lazy\" decoding=\"async\" class=\"alignnone size-large wp-image-117\" src=\"http:\/\/omanetti.net\/omanetti\/wp-content\/uploads\/2016\/12\/1out-1024x576.jpg\" alt=\"\" width=\"1024\" height=\"576\" srcset=\"https:\/\/omanetti.net\/omanetti\/wp-content\/uploads\/2016\/12\/1out-1024x576.jpg 1024w, https:\/\/omanetti.net\/omanetti\/wp-content\/uploads\/2016\/12\/1out-300x169.jpg 300w, https:\/\/omanetti.net\/omanetti\/wp-content\/uploads\/2016\/12\/1out-768x432.jpg 768w, https:\/\/omanetti.net\/omanetti\/wp-content\/uploads\/2016\/12\/1out.jpg 1366w\" sizes=\"auto, (max-width: 1024px) 100vw, 1024px\" \/><\/a> \u00a0Valitse &#8221;Kyll\u00e4&#8221;<\/p>\n<p>Ohjelman asennus pit\u00e4isi nyt olla valmis!<\/p>\n<h2>Tarkemmat Asetukset<\/h2>\n<p>Esimerkeiss\u00e4 on k\u00e4ytetty osoitetta \u201dmusiikkimatka.fi\u201d korvaa omalla verkko-osoitteellasi.<\/p>\n<p>L\u00e4htev\u00e4n postin palvelin(SMTP): mail.musiikkimatka.fi<\/p>\n<p>Portti: 587<\/p>\n<p>Salaus: TLS<\/p>\n<p>Valitse: Palvelin vaatii kirjautumisen<\/p>\n<p>K\u00e4ytt\u00e4j\u00e4tunnus: Oma s\u00e4hk\u00f6postiosoitteesi<\/p>\n<p>Salasana: Saamasi salasana<\/p>\n<p>Saapuvan postin palvelin: mail.musiikkimatka.fi<\/p>\n<p>Portti:110<\/p>\n<p>K\u00e4ytt\u00e4j\u00e4tunnus: Oma s\u00e4hk\u00f6postiosoitteesi<\/p>\n<p>Salasana: Saamasi salasana<\/p>\n<p>&nbsp;<\/p>\n","protected":false},"excerpt":{"rendered":"<p>Klikkaa &#8221;Seuraava&#8221; Valitse &#8221;Kyll\u00e4&#8221; ja klikkaa &#8221;Seuraava&#8221; Valitse &#8221;M\u00e4\u00e4rit\u00e4 manuaalisesti&#8230;&#8221; ja klikkaa &#8221;Seuraava&#8221; Valitse &#8221;POP tai IMAP&#8221; ja klikkaa &#8221;Seuraava&#8221; &nbsp; Anna tiedot kuvan mukaan omilla asetuksillasi, HUOM! katso ett\u00e4 &#8221;Testaa tilinasetukset napsauttamalla seuraavaa painiketta&#8221; ruutu EI OLE valittuna. T\u00e4ytetty\u00e4si tiedot klikkaa &#8221;Lis\u00e4\u00e4 asetuksia&#8221; T\u00e4yt\u00e4 n\u00e4m\u00e4 tiedot &#8221;Yleiset&#8221;-v\u00e4lilehdelle ja siirry &#8221;L\u00e4htev\u00e4n postin palvelin&#8221;-v\u00e4lilehdelle. T\u00e4yt\u00e4 n\u00e4m\u00e4&hellip; <a class=\"more-link\" href=\"https:\/\/omanetti.net\/omanetti\/?page_id=101\">Jatka lukemista <span class=\"screen-reader-text\">Outlook 2016<\/span><\/a><\/p>\n","protected":false},"author":1,"featured_media":0,"parent":69,"menu_order":0,"comment_status":"closed","ping_status":"closed","template":"","meta":{"footnotes":""},"class_list":["post-101","page","type-page","status-publish","hentry","entry"],"_links":{"self":[{"href":"https:\/\/omanetti.net\/omanetti\/index.php?rest_route=\/wp\/v2\/pages\/101","targetHints":{"allow":["GET"]}}],"collection":[{"href":"https:\/\/omanetti.net\/omanetti\/index.php?rest_route=\/wp\/v2\/pages"}],"about":[{"href":"https:\/\/omanetti.net\/omanetti\/index.php?rest_route=\/wp\/v2\/types\/page"}],"author":[{"embeddable":true,"href":"https:\/\/omanetti.net\/omanetti\/index.php?rest_route=\/wp\/v2\/users\/1"}],"replies":[{"embeddable":true,"href":"https:\/\/omanetti.net\/omanetti\/index.php?rest_route=%2Fwp%2Fv2%2Fcomments&post=101"}],"version-history":[{"count":6,"href":"https:\/\/omanetti.net\/omanetti\/index.php?rest_route=\/wp\/v2\/pages\/101\/revisions"}],"predecessor-version":[{"id":164,"href":"https:\/\/omanetti.net\/omanetti\/index.php?rest_route=\/wp\/v2\/pages\/101\/revisions\/164"}],"up":[{"embeddable":true,"href":"https:\/\/omanetti.net\/omanetti\/index.php?rest_route=\/wp\/v2\/pages\/69"}],"wp:attachment":[{"href":"https:\/\/omanetti.net\/omanetti\/index.php?rest_route=%2Fwp%2Fv2%2Fmedia&parent=101"}],"curies":[{"name":"wp","href":"https:\/\/api.w.org\/{rel}","templated":true}]}}